{"id":309,"date":"2020-04-24T11:18:17","date_gmt":"2020-04-24T09:18:17","guid":{"rendered":"http:\/\/www.cieunechambreasoi.com\/site\/?page_id=309"},"modified":"2020-05-08T11:07:01","modified_gmt":"2020-05-08T09:07:01","slug":"ateliers-marionette","status":"publish","type":"page","link":"https:\/\/www.cieunechambreasoi.com\/site\/actions-artistiques\/ateliers-marionette\/","title":{"rendered":"Ateliers de marionnettes"},"content":{"rendered":"\n<p>En quelques s\u00e9ances, il est possible pour chaque participant de donner vie \u00e0 un personnage n\u00e9 de son imagination. Il n\u2019est pas question d\u2019\u00eatre ou ne pas \u00eatre \u00ab\u00a0manuel\u00a0\u00bb, Ariane guide chacun dans ses gestes. En partant d\u2019un croquis, ou en s\u2019inspirant d\u2019une image, d\u2019une histoire, d\u2019un film ou d\u2019un manga, chaque participant entrera en cr\u00e9ation jusqu\u2019\u00e0 la pr\u00e9sentation finale de son \u0153uvre, lors d&rsquo;une sayn\u00e8te individuelle ou \u00e0 plusieurs. Ce travail peut \u00eatre men\u00e9 sous forme de stage, ou de plusieurs ateliers, le volume horaire d\u00e9pendant de l&rsquo;\u00e2ge et du nombre des participants.<\/p>\n","protected":false},"excerpt":{"rendered":"<p>En quelques s\u00e9ances, il est possible pour chaque participant de donner vie \u00e0 un personnage n\u00e9 de son imagination. Il n\u2019est pas question d\u2019\u00eatre ou ne pas \u00eatre \u00ab\u00a0manuel\u00a0\u00bb, Ariane guide chacun dans ses gestes. En partant d\u2019un croquis, ou en s\u2019inspirant d\u2019une image, d\u2019une histoire, d\u2019un film ou d\u2019un manga, chaque participant entrera en &hellip; <a href=\"https:\/\/www.cieunechambreasoi.com\/site\/actions-artistiques\/ateliers-marionette\/\" class=\"more-link\">Continuer la lecture de <span class=\"screen-reader-text\">Ateliers de marionnettes<\/span><\/a><\/p>\n","protected":false},"author":1,"featured_media":510,"parent":78,"menu_order":2,"comment_status":"closed","ping_status":"closed","template":"","meta":{"_acf_changed":false,"footnotes":""},"acf":[],"yoast_head":"<!-- This site is optimized with the Yoast SEO plugin v22.7 - https:\/\/yoast.com\/wordpress\/plugins\/seo\/ -->\n<title>Ateliers de marionnettes - Cie - une chambre \u00e0 soi<\/title>\n<meta name=\"robots\" content=\"index, follow, max-snippet:-1, max-image-preview:large, max-video-preview:-1\" \/>\n<link rel=\"canonical\" href=\"https:\/\/www.cieunechambreasoi.com\/site\/actions-artistiques\/ateliers-marionette\/\" \/>\n<meta property=\"og:locale\" content=\"fr_FR\" \/>\n<meta property=\"og:type\" content=\"article\" \/>\n<meta property=\"og:title\" content=\"Ateliers de marionnettes - Cie - une chambre \u00e0 soi\" \/>\n<meta property=\"og:description\" content=\"En quelques s\u00e9ances, il est possible pour chaque participant de donner vie \u00e0 un personnage n\u00e9 de son imagination. Il n\u2019est pas question d\u2019\u00eatre ou ne pas \u00eatre \u00ab\u00a0manuel\u00a0\u00bb, Ariane guide chacun dans ses gestes. En partant d\u2019un croquis, ou en s\u2019inspirant d\u2019une image, d\u2019une histoire, d\u2019un film ou d\u2019un manga, chaque participant entrera en &hellip; Continuer la lecture de Ateliers de marionnettes\" \/>\n<meta property=\"og:url\" content=\"https:\/\/www.cieunechambreasoi.com\/site\/actions-artistiques\/ateliers-marionette\/\" \/>\n<meta property=\"og:site_name\" content=\"Cie - une chambre \u00e0 soi\" \/>\n<meta property=\"article:publisher\" content=\"https:\/\/www.facebook.com\/Compagnie-une-chambre-%c3%a0-soi-100444748350700\/\" \/>\n<meta property=\"article:modified_time\" content=\"2020-05-08T09:07:01+00:00\" \/>\n<meta property=\"og:image\" content=\"https:\/\/www.cieunechambreasoi.com\/site\/wp-content\/uploads\/2020\/05\/6-pieds-e1588524549676.jpg\" \/>\n\t<meta property=\"og:image:width\" content=\"850\" \/>\n\t<meta property=\"og:image:height\" content=\"353\" \/>\n\t<meta property=\"og:image:type\" content=\"image\/jpeg\" \/>\n<meta name=\"twitter:card\" content=\"summary_large_image\" \/>\n<meta name=\"twitter:label1\" content=\"Dur\u00e9e de lecture estim\u00e9e\" \/>\n\t<meta name=\"twitter:data1\" content=\"1 minute\" \/>\n<script type=\"application\/ld+json\" class=\"yoast-schema-graph\">{\"@context\":\"https:\/\/schema.org\",\"@graph\":[{\"@type\":\"WebPage\",\"@id\":\"https:\/\/www.cieunechambreasoi.com\/site\/actions-artistiques\/ateliers-marionette\/\",\"url\":\"https:\/\/www.cieunechambreasoi.com\/site\/actions-artistiques\/ateliers-marionette\/\",\"name\":\"Ateliers de marionnettes - Cie - une chambre \u00e0 soi\",\"isPartOf\":{\"@id\":\"https:\/\/www.cieunechambreasoi.com\/site\/#website\"},\"primaryImageOfPage\":{\"@id\":\"https:\/\/www.cieunechambreasoi.com\/site\/actions-artistiques\/ateliers-marionette\/#primaryimage\"},\"image\":{\"@id\":\"https:\/\/www.cieunechambreasoi.com\/site\/actions-artistiques\/ateliers-marionette\/#primaryimage\"},\"thumbnailUrl\":\"https:\/\/www.cieunechambreasoi.com\/site\/wp-content\/uploads\/2020\/05\/6-pieds-e1588524549676.jpg\",\"datePublished\":\"2020-04-24T09:18:17+00:00\",\"dateModified\":\"2020-05-08T09:07:01+00:00\",\"breadcrumb\":{\"@id\":\"https:\/\/www.cieunechambreasoi.com\/site\/actions-artistiques\/ateliers-marionette\/#breadcrumb\"},\"inLanguage\":\"fr-FR\",\"potentialAction\":[{\"@type\":\"ReadAction\",\"target\":[\"https:\/\/www.cieunechambreasoi.com\/site\/actions-artistiques\/ateliers-marionette\/\"]}]},{\"@type\":\"ImageObject\",\"inLanguage\":\"fr-FR\",\"@id\":\"https:\/\/www.cieunechambreasoi.com\/site\/actions-artistiques\/ateliers-marionette\/#primaryimage\",\"url\":\"https:\/\/www.cieunechambreasoi.com\/site\/wp-content\/uploads\/2020\/05\/6-pieds-e1588524549676.jpg\",\"contentUrl\":\"https:\/\/www.cieunechambreasoi.com\/site\/wp-content\/uploads\/2020\/05\/6-pieds-e1588524549676.jpg\",\"width\":850,\"height\":353},{\"@type\":\"BreadcrumbList\",\"@id\":\"https:\/\/www.cieunechambreasoi.com\/site\/actions-artistiques\/ateliers-marionette\/#breadcrumb\",\"itemListElement\":[{\"@type\":\"ListItem\",\"position\":1,\"name\":\"Accueil\",\"item\":\"https:\/\/www.cieunechambreasoi.com\/site\/\"},{\"@type\":\"ListItem\",\"position\":2,\"name\":\"Actions artistiques\",\"item\":\"https:\/\/www.cieunechambreasoi.com\/site\/actions-artistiques\/\"},{\"@type\":\"ListItem\",\"position\":3,\"name\":\"Ateliers de marionnettes\"}]},{\"@type\":\"WebSite\",\"@id\":\"https:\/\/www.cieunechambreasoi.com\/site\/#website\",\"url\":\"https:\/\/www.cieunechambreasoi.com\/site\/\",\"name\":\"Cie - une chambre \u00e0 soi\",\"description\":\"Compagnie professionnelle de th\u00e9\u00e2tre et de lecture \u00e0 voix haute cr\u00e9\u00e9e \u00e0 Rouen par H\u00e9l\u00e8ne Francisci, Ad\u00e9la\u00efde Bon, Ariane Dionyssopoulos en mai 2020.\",\"publisher\":{\"@id\":\"https:\/\/www.cieunechambreasoi.com\/site\/#organization\"},\"potentialAction\":[{\"@type\":\"SearchAction\",\"target\":{\"@type\":\"EntryPoint\",\"urlTemplate\":\"https:\/\/www.cieunechambreasoi.com\/site\/?s={search_term_string}\"},\"query-input\":\"required name=search_term_string\"}],\"inLanguage\":\"fr-FR\"},{\"@type\":\"Organization\",\"@id\":\"https:\/\/www.cieunechambreasoi.com\/site\/#organization\",\"name\":\"Cie - une chambre \u00e0 soi\",\"url\":\"https:\/\/www.cieunechambreasoi.com\/site\/\",\"logo\":{\"@type\":\"ImageObject\",\"inLanguage\":\"fr-FR\",\"@id\":\"https:\/\/www.cieunechambreasoi.com\/site\/#\/schema\/logo\/image\/\",\"url\":\"https:\/\/www.cieunechambreasoi.com\/site\/wp-content\/uploads\/2020\/01\/cropped-Logo-final_Fond-blanc-2.png\",\"contentUrl\":\"https:\/\/www.cieunechambreasoi.com\/site\/wp-content\/uploads\/2020\/01\/cropped-Logo-final_Fond-blanc-2.png\",\"width\":248,\"height\":88,\"caption\":\"Cie - une chambre \u00e0 soi\"},\"image\":{\"@id\":\"https:\/\/www.cieunechambreasoi.com\/site\/#\/schema\/logo\/image\/\"},\"sameAs\":[\"https:\/\/www.facebook.com\/Compagnie-une-chambre-\u00e0-soi-100444748350700\/\"]}]}<\/script>\n<!-- \/ Yoast SEO plugin. -->","yoast_head_json":{"title":"Ateliers de marionnettes - Cie - une chambre \u00e0 soi","robots":{"index":"index","follow":"follow","max-snippet":"max-snippet:-1","max-image-preview":"max-image-preview:large","max-video-preview":"max-video-preview:-1"},"canonical":"https:\/\/www.cieunechambreasoi.com\/site\/actions-artistiques\/ateliers-marionette\/","og_locale":"fr_FR","og_type":"article","og_title":"Ateliers de marionnettes - Cie - une chambre \u00e0 soi","og_description":"En quelques s\u00e9ances, il est possible pour chaque participant de donner vie \u00e0 un personnage n\u00e9 de son imagination. Il n\u2019est pas question d\u2019\u00eatre ou ne pas \u00eatre \u00ab\u00a0manuel\u00a0\u00bb, Ariane guide chacun dans ses gestes. En partant d\u2019un croquis, ou en s\u2019inspirant d\u2019une image, d\u2019une histoire, d\u2019un film ou d\u2019un manga, chaque participant entrera en &hellip; Continuer la lecture de Ateliers de marionnettes","og_url":"https:\/\/www.cieunechambreasoi.com\/site\/actions-artistiques\/ateliers-marionette\/","og_site_name":"Cie - une chambre \u00e0 soi","article_publisher":"https:\/\/www.facebook.com\/Compagnie-une-chambre-%c3%a0-soi-100444748350700\/","article_modified_time":"2020-05-08T09:07:01+00:00","og_image":[{"width":850,"height":353,"url":"https:\/\/www.cieunechambreasoi.com\/site\/wp-content\/uploads\/2020\/05\/6-pieds-e1588524549676.jpg","type":"image\/jpeg"}],"twitter_card":"summary_large_image","twitter_misc":{"Dur\u00e9e de lecture estim\u00e9e":"1 minute"},"schema":{"@context":"https:\/\/schema.org","@graph":[{"@type":"WebPage","@id":"https:\/\/www.cieunechambreasoi.com\/site\/actions-artistiques\/ateliers-marionette\/","url":"https:\/\/www.cieunechambreasoi.com\/site\/actions-artistiques\/ateliers-marionette\/","name":"Ateliers de marionnettes - Cie - une chambre \u00e0 soi","isPartOf":{"@id":"https:\/\/www.cieunechambreasoi.com\/site\/#website"},"primaryImageOfPage":{"@id":"https:\/\/www.cieunechambreasoi.com\/site\/actions-artistiques\/ateliers-marionette\/#primaryimage"},"image":{"@id":"https:\/\/www.cieunechambreasoi.com\/site\/actions-artistiques\/ateliers-marionette\/#primaryimage"},"thumbnailUrl":"https:\/\/www.cieunechambreasoi.com\/site\/wp-content\/uploads\/2020\/05\/6-pieds-e1588524549676.jpg","datePublished":"2020-04-24T09:18:17+00:00","dateModified":"2020-05-08T09:07:01+00:00","breadcrumb":{"@id":"https:\/\/www.cieunechambreasoi.com\/site\/actions-artistiques\/ateliers-marionette\/#breadcrumb"},"inLanguage":"fr-FR","potentialAction":[{"@type":"ReadAction","target":["https:\/\/www.cieunechambreasoi.com\/site\/actions-artistiques\/ateliers-marionette\/"]}]},{"@type":"ImageObject","inLanguage":"fr-FR","@id":"https:\/\/www.cieunechambreasoi.com\/site\/actions-artistiques\/ateliers-marionette\/#primaryimage","url":"https:\/\/www.cieunechambreasoi.com\/site\/wp-content\/uploads\/2020\/05\/6-pieds-e1588524549676.jpg","contentUrl":"https:\/\/www.cieunechambreasoi.com\/site\/wp-content\/uploads\/2020\/05\/6-pieds-e1588524549676.jpg","width":850,"height":353},{"@type":"BreadcrumbList","@id":"https:\/\/www.cieunechambreasoi.com\/site\/actions-artistiques\/ateliers-marionette\/#breadcrumb","itemListElement":[{"@type":"ListItem","position":1,"name":"Accueil","item":"https:\/\/www.cieunechambreasoi.com\/site\/"},{"@type":"ListItem","position":2,"name":"Actions artistiques","item":"https:\/\/www.cieunechambreasoi.com\/site\/actions-artistiques\/"},{"@type":"ListItem","position":3,"name":"Ateliers de marionnettes"}]},{"@type":"WebSite","@id":"https:\/\/www.cieunechambreasoi.com\/site\/#website","url":"https:\/\/www.cieunechambreasoi.com\/site\/","name":"Cie - une chambre \u00e0 soi","description":"Compagnie professionnelle de th\u00e9\u00e2tre et de lecture \u00e0 voix haute cr\u00e9\u00e9e \u00e0 Rouen par H\u00e9l\u00e8ne Francisci, Ad\u00e9la\u00efde Bon, Ariane Dionyssopoulos en mai 2020.","publisher":{"@id":"https:\/\/www.cieunechambreasoi.com\/site\/#organization"},"potentialAction":[{"@type":"SearchAction","target":{"@type":"EntryPoint","urlTemplate":"https:\/\/www.cieunechambreasoi.com\/site\/?s={search_term_string}"},"query-input":"required name=search_term_string"}],"inLanguage":"fr-FR"},{"@type":"Organization","@id":"https:\/\/www.cieunechambreasoi.com\/site\/#organization","name":"Cie - une chambre \u00e0 soi","url":"https:\/\/www.cieunechambreasoi.com\/site\/","logo":{"@type":"ImageObject","inLanguage":"fr-FR","@id":"https:\/\/www.cieunechambreasoi.com\/site\/#\/schema\/logo\/image\/","url":"https:\/\/www.cieunechambreasoi.com\/site\/wp-content\/uploads\/2020\/01\/cropped-Logo-final_Fond-blanc-2.png","contentUrl":"https:\/\/www.cieunechambreasoi.com\/site\/wp-content\/uploads\/2020\/01\/cropped-Logo-final_Fond-blanc-2.png","width":248,"height":88,"caption":"Cie - une chambre \u00e0 soi"},"image":{"@id":"https:\/\/www.cieunechambreasoi.com\/site\/#\/schema\/logo\/image\/"},"sameAs":["https:\/\/www.facebook.com\/Compagnie-une-chambre-\u00e0-soi-100444748350700\/"]}]}},"_links":{"self":[{"href":"https:\/\/www.cieunechambreasoi.com\/site\/wp-json\/wp\/v2\/pages\/309"}],"collection":[{"href":"https:\/\/www.cieunechambreasoi.com\/site\/wp-json\/wp\/v2\/pages"}],"about":[{"href":"https:\/\/www.cieunechambreasoi.com\/site\/wp-json\/wp\/v2\/types\/page"}],"author":[{"embeddable":true,"href":"https:\/\/www.cieunechambreasoi.com\/site\/wp-json\/wp\/v2\/users\/1"}],"replies":[{"embeddable":true,"href":"https:\/\/www.cieunechambreasoi.com\/site\/wp-json\/wp\/v2\/comments?post=309"}],"version-history":[{"count":16,"href":"https:\/\/www.cieunechambreasoi.com\/site\/wp-json\/wp\/v2\/pages\/309\/revisions"}],"predecessor-version":[{"id":615,"href":"https:\/\/www.cieunechambreasoi.com\/site\/wp-json\/wp\/v2\/pages\/309\/revisions\/615"}],"up":[{"embeddable":true,"href":"https:\/\/www.cieunechambreasoi.com\/site\/wp-json\/wp\/v2\/pages\/78"}],"wp:featuredmedia":[{"embeddable":true,"href":"https:\/\/www.cieunechambreasoi.com\/site\/wp-json\/wp\/v2\/media\/510"}],"wp:attachment":[{"href":"https:\/\/www.cieunechambreasoi.com\/site\/wp-json\/wp\/v2\/media?parent=309"}],"curies":[{"name":"wp","href":"https:\/\/api.w.org\/{rel}","templated":true}]}}