{"id":6,"date":"2020-01-01T14:22:14","date_gmt":"2020-01-01T13:22:14","guid":{"rendered":"http:\/\/www.cieunechambreasoi.com\/site\/?page_id=6"},"modified":"2020-06-05T12:21:43","modified_gmt":"2020-06-05T10:21:43","slug":"accueil","status":"publish","type":"page","link":"https:\/\/www.cieunechambreasoi.com\/site\/","title":{"rendered":"Accueil &#8230;"},"content":{"rendered":"\n<h2 class=\"wp-block-heading\"><\/h2>\n\n\n\n<p>La compagnie une chambre \u00e0 soi r\u00e9unit trois femmes. Toutes trois com\u00e9diennes. Trois voix, trois mondes. L\u2019une sculpte, l\u2019autre \u00e9crit, la troisi\u00e8me chante. Toutes racontent.<\/p>\n\n\n\n<p>Quand elles sortent de leur chambre, c\u2019est pour lire. Partout. Pour tous.&nbsp; Dans les classes, la rue, les biblioth\u00e8ques, les librairies, les h\u00f4pitaux, le m\u00e9tro, les usines, les mus\u00e9es, dans les lieux les plus improbables, au creux de chaque oreille, m\u00eame la plus distraite, la plus distante, l\u00e0, elles disent les mots qui relient et qui rassemblent. \u00catre ensemble, se parler, s\u2019\u00e9couter. La parole comme rempart contre le repli, l\u2019indiff\u00e9rence et la solitude.<\/p>\n\n\n\n<p>Quand elles sortent de leur chambre, c\u2019est pour jouer dans les th\u00e9\u00e2tres, ou partout o\u00f9 il y a de la vie, des pi\u00e8ces qu\u2019elles auront tiss\u00e9es de&nbsp;grandes paroles et de petites, de textes aim\u00e9s, d\u2019autres collect\u00e9s, et de leur parole \u00e0 elles, souterraine.&nbsp;<\/p>\n\n\n\n<p>Leur terrain de jeu, leur champ de fouilles, c\u2019est penser chacun de nous comme un espace en crise. En chacun de nous, frotter l\u2019intime au politique.&nbsp;<\/p>\n\n\n\n<p>Leur travail th\u00e9\u00e2tral, elles l\u2019envisagent comme traversant, peu importe l\u2019art et la mani\u00e8re, tant que dans leur chambre, Ariane est en bleu de travail, Ad\u00e9 \u00e0 sa table, et H\u00e9l\u00e8ne le micro en main et la t\u00eate dans un bouquin&nbsp;: lire, cr\u00e9er, jouer comme on prend une main, comme on part \u00e0 l\u2019assaut.<\/p>\n\n\n\n<p>Une chambre \u00e0 soi et le ciel pour tous.<\/p>\n\n\n\n<div style=\"height:25px\" aria-hidden=\"true\" class=\"wp-block-spacer\"><\/div>\n\n\n\n<figure class=\"wp-block-image size-large is-resized\"><img loading=\"lazy\" decoding=\"async\" src=\"http:\/\/www.cieunechambreasoi.com\/site\/wp-content\/uploads\/2020\/04\/ade-ariane-et-LN-.jpeg\" alt=\"\" class=\"wp-image-336\" width=\"661\" height=\"373\" srcset=\"https:\/\/www.cieunechambreasoi.com\/site\/wp-content\/uploads\/2020\/04\/ade-ariane-et-LN-.jpeg 640w, https:\/\/www.cieunechambreasoi.com\/site\/wp-content\/uploads\/2020\/04\/ade-ariane-et-LN--300x169.jpeg 300w\" sizes=\"(max-width: 661px) 100vw, 661px\" \/><\/figure>\n\n\n\n<div style=\"height:25px\" aria-hidden=\"true\" class=\"wp-block-spacer\"><\/div>\n\n\n\n<blockquote class=\"wp-block-quote has-text-align-center is-layout-flow wp-block-quote-is-layout-flow\"><p><em>\u00ab\u00a0La chambre \u00e0 coucher m&rsquo;ennuie, mais le ciel aussi\u00a0\u00bb<\/em><\/p><cite><em>V.Woolf<\/em><\/cite><\/blockquote>\n","protected":false},"excerpt":{"rendered":"<p>La compagnie une chambre \u00e0 soi r\u00e9unit trois femmes. Toutes trois com\u00e9diennes. Trois voix, trois mondes. L\u2019une sculpte, l\u2019autre \u00e9crit, la troisi\u00e8me chante. Toutes racontent. Quand elles sortent de leur chambre, c\u2019est pour lire. Partout. Pour tous.&nbsp; Dans les classes, la rue, les biblioth\u00e8ques, les librairies, les h\u00f4pitaux, le m\u00e9tro, les usines, les mus\u00e9es, dans &hellip; <a href=\"https:\/\/www.cieunechambreasoi.com\/site\/\" class=\"more-link\">Continuer la lecture de <span class=\"screen-reader-text\">Accueil &#8230;<\/span><\/a><\/p>\n","protected":false},"author":1,"featured_media":63,"parent":0,"menu_order":0,"comment_status":"closed","ping_status":"closed","template":"","meta":{"_acf_changed":false,"footnotes":""},"acf":[],"yoast_head":"<!-- This site is optimized with the Yoast SEO plugin v22.7 - https:\/\/yoast.com\/wordpress\/plugins\/seo\/ -->\n<title>Accueil ... - Cie - une chambre \u00e0 soi<\/title>\n<meta name=\"description\" content=\"Compagnie professionnelle de th\u00e9\u00e2tre et de lecture \u00e0 voix haute cr\u00e9\u00e9e \u00e0 Rouen par H\u00e9l\u00e8ne Francisci, Ad\u00e9la\u00efde Bon, Ariane Dionyssopoulos en mai 2020.\" \/>\n<meta name=\"robots\" content=\"index, follow, max-snippet:-1, max-image-preview:large, max-video-preview:-1\" \/>\n<link rel=\"canonical\" href=\"https:\/\/www.cieunechambreasoi.com\/site\/\" \/>\n<meta property=\"og:locale\" content=\"fr_FR\" \/>\n<meta property=\"og:type\" content=\"article\" \/>\n<meta property=\"og:title\" content=\"Accueil ... - Cie - une chambre \u00e0 soi\" \/>\n<meta property=\"og:description\" content=\"Compagnie professionnelle de th\u00e9\u00e2tre et de lecture \u00e0 voix haute cr\u00e9\u00e9e \u00e0 Rouen par H\u00e9l\u00e8ne Francisci, Ad\u00e9la\u00efde Bon, Ariane Dionyssopoulos en mai 2020.\" \/>\n<meta property=\"og:url\" content=\"https:\/\/www.cieunechambreasoi.com\/site\/\" \/>\n<meta property=\"og:site_name\" content=\"Cie - une chambre \u00e0 soi\" \/>\n<meta property=\"article:publisher\" content=\"https:\/\/www.facebook.com\/Compagnie-une-chambre-%c3%a0-soi-100444748350700\/\" \/>\n<meta property=\"article:modified_time\" content=\"2020-06-05T10:21:43+00:00\" \/>\n<meta property=\"og:image\" content=\"https:\/\/www.cieunechambreasoi.com\/site\/wp-content\/uploads\/2020\/01\/site-acceuil03.jpg\" \/>\n\t<meta property=\"og:image:width\" content=\"830\" \/>\n\t<meta property=\"og:image:height\" content=\"350\" \/>\n\t<meta property=\"og:image:type\" content=\"image\/jpeg\" \/>\n<meta name=\"twitter:card\" content=\"summary_large_image\" \/>\n<meta name=\"twitter:label1\" content=\"Dur\u00e9e de lecture estim\u00e9e\" \/>\n\t<meta name=\"twitter:data1\" content=\"1 minute\" \/>\n<script type=\"application\/ld+json\" class=\"yoast-schema-graph\">{\"@context\":\"https:\/\/schema.org\",\"@graph\":[{\"@type\":\"WebPage\",\"@id\":\"https:\/\/www.cieunechambreasoi.com\/site\/\",\"url\":\"https:\/\/www.cieunechambreasoi.com\/site\/\",\"name\":\"Accueil ... - Cie - une chambre \u00e0 soi\",\"isPartOf\":{\"@id\":\"https:\/\/www.cieunechambreasoi.com\/site\/#website\"},\"primaryImageOfPage\":{\"@id\":\"https:\/\/www.cieunechambreasoi.com\/site\/#primaryimage\"},\"image\":{\"@id\":\"https:\/\/www.cieunechambreasoi.com\/site\/#primaryimage\"},\"thumbnailUrl\":\"https:\/\/www.cieunechambreasoi.com\/site\/wp-content\/uploads\/2020\/01\/site-acceuil03.jpg\",\"datePublished\":\"2020-01-01T13:22:14+00:00\",\"dateModified\":\"2020-06-05T10:21:43+00:00\",\"description\":\"Compagnie professionnelle de th\u00e9\u00e2tre et de lecture \u00e0 voix haute cr\u00e9\u00e9e \u00e0 Rouen par H\u00e9l\u00e8ne Francisci, Ad\u00e9la\u00efde Bon, Ariane Dionyssopoulos en mai 2020.\",\"breadcrumb\":{\"@id\":\"https:\/\/www.cieunechambreasoi.com\/site\/#breadcrumb\"},\"inLanguage\":\"fr-FR\",\"potentialAction\":[{\"@type\":\"ReadAction\",\"target\":[\"https:\/\/www.cieunechambreasoi.com\/site\/\"]}]},{\"@type\":\"ImageObject\",\"inLanguage\":\"fr-FR\",\"@id\":\"https:\/\/www.cieunechambreasoi.com\/site\/#primaryimage\",\"url\":\"https:\/\/www.cieunechambreasoi.com\/site\/wp-content\/uploads\/2020\/01\/site-acceuil03.jpg\",\"contentUrl\":\"https:\/\/www.cieunechambreasoi.com\/site\/wp-content\/uploads\/2020\/01\/site-acceuil03.jpg\",\"width\":830,\"height\":350},{\"@type\":\"BreadcrumbList\",\"@id\":\"https:\/\/www.cieunechambreasoi.com\/site\/#breadcrumb\",\"itemListElement\":[{\"@type\":\"ListItem\",\"position\":1,\"name\":\"Accueil\",\"item\":\"https:\/\/www.cieunechambreasoi.com\/site\/\"},{\"@type\":\"ListItem\",\"position\":2,\"name\":\"Accueil &#8230;\"}]},{\"@type\":\"WebSite\",\"@id\":\"https:\/\/www.cieunechambreasoi.com\/site\/#website\",\"url\":\"https:\/\/www.cieunechambreasoi.com\/site\/\",\"name\":\"Cie - une chambre \u00e0 soi\",\"description\":\"Compagnie professionnelle de th\u00e9\u00e2tre et de lecture \u00e0 voix haute cr\u00e9\u00e9e \u00e0 Rouen par H\u00e9l\u00e8ne Francisci, Ad\u00e9la\u00efde Bon, Ariane Dionyssopoulos en mai 2020.\",\"publisher\":{\"@id\":\"https:\/\/www.cieunechambreasoi.com\/site\/#organization\"},\"potentialAction\":[{\"@type\":\"SearchAction\",\"target\":{\"@type\":\"EntryPoint\",\"urlTemplate\":\"https:\/\/www.cieunechambreasoi.com\/site\/?s={search_term_string}\"},\"query-input\":\"required name=search_term_string\"}],\"inLanguage\":\"fr-FR\"},{\"@type\":\"Organization\",\"@id\":\"https:\/\/www.cieunechambreasoi.com\/site\/#organization\",\"name\":\"Cie - une chambre \u00e0 soi\",\"url\":\"https:\/\/www.cieunechambreasoi.com\/site\/\",\"logo\":{\"@type\":\"ImageObject\",\"inLanguage\":\"fr-FR\",\"@id\":\"https:\/\/www.cieunechambreasoi.com\/site\/#\/schema\/logo\/image\/\",\"url\":\"https:\/\/www.cieunechambreasoi.com\/site\/wp-content\/uploads\/2020\/01\/cropped-Logo-final_Fond-blanc-2.png\",\"contentUrl\":\"https:\/\/www.cieunechambreasoi.com\/site\/wp-content\/uploads\/2020\/01\/cropped-Logo-final_Fond-blanc-2.png\",\"width\":248,\"height\":88,\"caption\":\"Cie - une chambre \u00e0 soi\"},\"image\":{\"@id\":\"https:\/\/www.cieunechambreasoi.com\/site\/#\/schema\/logo\/image\/\"},\"sameAs\":[\"https:\/\/www.facebook.com\/Compagnie-une-chambre-\u00e0-soi-100444748350700\/\"]}]}<\/script>\n<!-- \/ Yoast SEO plugin. -->","yoast_head_json":{"title":"Accueil ... - Cie - une chambre \u00e0 soi","description":"Compagnie professionnelle de th\u00e9\u00e2tre et de lecture \u00e0 voix haute cr\u00e9\u00e9e \u00e0 Rouen par H\u00e9l\u00e8ne Francisci, Ad\u00e9la\u00efde Bon, Ariane Dionyssopoulos en mai 2020.","robots":{"index":"index","follow":"follow","max-snippet":"max-snippet:-1","max-image-preview":"max-image-preview:large","max-video-preview":"max-video-preview:-1"},"canonical":"https:\/\/www.cieunechambreasoi.com\/site\/","og_locale":"fr_FR","og_type":"article","og_title":"Accueil ... - Cie - une chambre \u00e0 soi","og_description":"Compagnie professionnelle de th\u00e9\u00e2tre et de lecture \u00e0 voix haute cr\u00e9\u00e9e \u00e0 Rouen par H\u00e9l\u00e8ne Francisci, Ad\u00e9la\u00efde Bon, Ariane Dionyssopoulos en mai 2020.","og_url":"https:\/\/www.cieunechambreasoi.com\/site\/","og_site_name":"Cie - une chambre \u00e0 soi","article_publisher":"https:\/\/www.facebook.com\/Compagnie-une-chambre-%c3%a0-soi-100444748350700\/","article_modified_time":"2020-06-05T10:21:43+00:00","og_image":[{"width":830,"height":350,"url":"https:\/\/www.cieunechambreasoi.com\/site\/wp-content\/uploads\/2020\/01\/site-acceuil03.jpg","type":"image\/jpeg"}],"twitter_card":"summary_large_image","twitter_misc":{"Dur\u00e9e de lecture estim\u00e9e":"1 minute"},"schema":{"@context":"https:\/\/schema.org","@graph":[{"@type":"WebPage","@id":"https:\/\/www.cieunechambreasoi.com\/site\/","url":"https:\/\/www.cieunechambreasoi.com\/site\/","name":"Accueil ... - Cie - une chambre \u00e0 soi","isPartOf":{"@id":"https:\/\/www.cieunechambreasoi.com\/site\/#website"},"primaryImageOfPage":{"@id":"https:\/\/www.cieunechambreasoi.com\/site\/#primaryimage"},"image":{"@id":"https:\/\/www.cieunechambreasoi.com\/site\/#primaryimage"},"thumbnailUrl":"https:\/\/www.cieunechambreasoi.com\/site\/wp-content\/uploads\/2020\/01\/site-acceuil03.jpg","datePublished":"2020-01-01T13:22:14+00:00","dateModified":"2020-06-05T10:21:43+00:00","description":"Compagnie professionnelle de th\u00e9\u00e2tre et de lecture \u00e0 voix haute cr\u00e9\u00e9e \u00e0 Rouen par H\u00e9l\u00e8ne Francisci, Ad\u00e9la\u00efde Bon, Ariane Dionyssopoulos en mai 2020.","breadcrumb":{"@id":"https:\/\/www.cieunechambreasoi.com\/site\/#breadcrumb"},"inLanguage":"fr-FR","potentialAction":[{"@type":"ReadAction","target":["https:\/\/www.cieunechambreasoi.com\/site\/"]}]},{"@type":"ImageObject","inLanguage":"fr-FR","@id":"https:\/\/www.cieunechambreasoi.com\/site\/#primaryimage","url":"https:\/\/www.cieunechambreasoi.com\/site\/wp-content\/uploads\/2020\/01\/site-acceuil03.jpg","contentUrl":"https:\/\/www.cieunechambreasoi.com\/site\/wp-content\/uploads\/2020\/01\/site-acceuil03.jpg","width":830,"height":350},{"@type":"BreadcrumbList","@id":"https:\/\/www.cieunechambreasoi.com\/site\/#breadcrumb","itemListElement":[{"@type":"ListItem","position":1,"name":"Accueil","item":"https:\/\/www.cieunechambreasoi.com\/site\/"},{"@type":"ListItem","position":2,"name":"Accueil &#8230;"}]},{"@type":"WebSite","@id":"https:\/\/www.cieunechambreasoi.com\/site\/#website","url":"https:\/\/www.cieunechambreasoi.com\/site\/","name":"Cie - une chambre \u00e0 soi","description":"Compagnie professionnelle de th\u00e9\u00e2tre et de lecture \u00e0 voix haute cr\u00e9\u00e9e \u00e0 Rouen par H\u00e9l\u00e8ne Francisci, Ad\u00e9la\u00efde Bon, Ariane Dionyssopoulos en mai 2020.","publisher":{"@id":"https:\/\/www.cieunechambreasoi.com\/site\/#organization"},"potentialAction":[{"@type":"SearchAction","target":{"@type":"EntryPoint","urlTemplate":"https:\/\/www.cieunechambreasoi.com\/site\/?s={search_term_string}"},"query-input":"required name=search_term_string"}],"inLanguage":"fr-FR"},{"@type":"Organization","@id":"https:\/\/www.cieunechambreasoi.com\/site\/#organization","name":"Cie - une chambre \u00e0 soi","url":"https:\/\/www.cieunechambreasoi.com\/site\/","logo":{"@type":"ImageObject","inLanguage":"fr-FR","@id":"https:\/\/www.cieunechambreasoi.com\/site\/#\/schema\/logo\/image\/","url":"https:\/\/www.cieunechambreasoi.com\/site\/wp-content\/uploads\/2020\/01\/cropped-Logo-final_Fond-blanc-2.png","contentUrl":"https:\/\/www.cieunechambreasoi.com\/site\/wp-content\/uploads\/2020\/01\/cropped-Logo-final_Fond-blanc-2.png","width":248,"height":88,"caption":"Cie - une chambre \u00e0 soi"},"image":{"@id":"https:\/\/www.cieunechambreasoi.com\/site\/#\/schema\/logo\/image\/"},"sameAs":["https:\/\/www.facebook.com\/Compagnie-une-chambre-\u00e0-soi-100444748350700\/"]}]}},"_links":{"self":[{"href":"https:\/\/www.cieunechambreasoi.com\/site\/wp-json\/wp\/v2\/pages\/6"}],"collection":[{"href":"https:\/\/www.cieunechambreasoi.com\/site\/wp-json\/wp\/v2\/pages"}],"about":[{"href":"https:\/\/www.cieunechambreasoi.com\/site\/wp-json\/wp\/v2\/types\/page"}],"author":[{"embeddable":true,"href":"https:\/\/www.cieunechambreasoi.com\/site\/wp-json\/wp\/v2\/users\/1"}],"replies":[{"embeddable":true,"href":"https:\/\/www.cieunechambreasoi.com\/site\/wp-json\/wp\/v2\/comments?post=6"}],"version-history":[{"count":52,"href":"https:\/\/www.cieunechambreasoi.com\/site\/wp-json\/wp\/v2\/pages\/6\/revisions"}],"predecessor-version":[{"id":657,"href":"https:\/\/www.cieunechambreasoi.com\/site\/wp-json\/wp\/v2\/pages\/6\/revisions\/657"}],"wp:featuredmedia":[{"embeddable":true,"href":"https:\/\/www.cieunechambreasoi.com\/site\/wp-json\/wp\/v2\/media\/63"}],"wp:attachment":[{"href":"https:\/\/www.cieunechambreasoi.com\/site\/wp-json\/wp\/v2\/media?parent=6"}],"curies":[{"name":"wp","href":"https:\/\/api.w.org\/{rel}","templated":true}]}}