{"id":670,"date":"2020-05-15T10:27:04","date_gmt":"2020-05-15T08:27:04","guid":{"rendered":"https:\/\/www.cieunechambreasoi.com\/site\/?page_id=670"},"modified":"2025-11-21T11:29:25","modified_gmt":"2025-11-21T10:29:25","slug":"projets-en-cours-2","status":"publish","type":"page","link":"https:\/\/www.cieunechambreasoi.com\/site\/projets-en-cours-2\/","title":{"rendered":"Actualit\u00e9s"},"content":{"rendered":"\n<figure class=\"wp-block-image size-full\"><img loading=\"lazy\" decoding=\"async\" width=\"480\" height=\"480\" src=\"https:\/\/www.cieunechambreasoi.com\/site\/wp-content\/uploads\/2025\/11\/UN-LIEU-A-SOI-VISUEL-1-png.png\" alt=\"\" class=\"wp-image-910\" srcset=\"https:\/\/www.cieunechambreasoi.com\/site\/wp-content\/uploads\/2025\/11\/UN-LIEU-A-SOI-VISUEL-1-png.png 480w, https:\/\/www.cieunechambreasoi.com\/site\/wp-content\/uploads\/2025\/11\/UN-LIEU-A-SOI-VISUEL-1-png-300x300.png 300w, https:\/\/www.cieunechambreasoi.com\/site\/wp-content\/uploads\/2025\/11\/UN-LIEU-A-SOI-VISUEL-1-png-150x150.png 150w\" sizes=\"(max-width: 480px) 100vw, 480px\" \/><\/figure>\n\n\n\n<p>Nous cr\u00e9ons un lieu \u00e0 soi en version th\u00e9\u00e2trale le 31 mars 2025 \u00e0 la MDU (maison de l&rsquo;universit\u00e9) \u00e0 Mont Saint Aignan o\u00f9 nous sommes artistes associ\u00e9es pour la troisi\u00e8me ann\u00e9e <\/p>\n","protected":false},"excerpt":{"rendered":"<p>Nous cr\u00e9ons un lieu \u00e0 soi en version th\u00e9\u00e2trale le 31 mars 2025 \u00e0 la MDU (maison de l&rsquo;universit\u00e9) \u00e0 Mont Saint Aignan o\u00f9 nous sommes artistes associ\u00e9es pour la troisi\u00e8me ann\u00e9e<\/p>\n","protected":false},"author":4,"featured_media":63,"parent":0,"menu_order":0,"comment_status":"closed","ping_status":"closed","template":"","meta":{"_acf_changed":false,"footnotes":""},"acf":[],"yoast_head":"<!-- This site is optimized with the Yoast SEO plugin v22.7 - https:\/\/yoast.com\/wordpress\/plugins\/seo\/ -->\n<title>Actualit\u00e9s - Cie - une chambre \u00e0 soi<\/title>\n<meta name=\"robots\" content=\"index, follow, max-snippet:-1, max-image-preview:large, max-video-preview:-1\" \/>\n<link rel=\"canonical\" href=\"https:\/\/www.cieunechambreasoi.com\/site\/projets-en-cours-2\/\" \/>\n<meta property=\"og:locale\" content=\"fr_FR\" \/>\n<meta property=\"og:type\" content=\"article\" \/>\n<meta property=\"og:title\" content=\"Actualit\u00e9s - Cie - une chambre \u00e0 soi\" \/>\n<meta property=\"og:description\" content=\"Nous cr\u00e9ons un lieu \u00e0 soi en version th\u00e9\u00e2trale le 31 mars 2025 \u00e0 la MDU (maison de l&rsquo;universit\u00e9) \u00e0 Mont Saint Aignan o\u00f9 nous sommes artistes associ\u00e9es pour la troisi\u00e8me ann\u00e9e\" \/>\n<meta property=\"og:url\" content=\"https:\/\/www.cieunechambreasoi.com\/site\/projets-en-cours-2\/\" \/>\n<meta property=\"og:site_name\" content=\"Cie - une chambre \u00e0 soi\" \/>\n<meta property=\"article:publisher\" content=\"https:\/\/www.facebook.com\/Compagnie-une-chambre-%c3%a0-soi-100444748350700\/\" \/>\n<meta property=\"article:modified_time\" content=\"2025-11-21T10:29:25+00:00\" \/>\n<meta property=\"og:image\" content=\"https:\/\/www.cieunechambreasoi.com\/site\/wp-content\/uploads\/2020\/01\/site-acceuil03.jpg\" \/>\n\t<meta property=\"og:image:width\" content=\"830\" \/>\n\t<meta property=\"og:image:height\" content=\"350\" \/>\n\t<meta property=\"og:image:type\" content=\"image\/jpeg\" \/>\n<meta name=\"twitter:card\" content=\"summary_large_image\" \/>\n<meta name=\"twitter:label1\" content=\"Dur\u00e9e de lecture estim\u00e9e\" \/>\n\t<meta name=\"twitter:data1\" content=\"1 minute\" \/>\n<script type=\"application\/ld+json\" class=\"yoast-schema-graph\">{\"@context\":\"https:\/\/schema.org\",\"@graph\":[{\"@type\":\"WebPage\",\"@id\":\"https:\/\/www.cieunechambreasoi.com\/site\/projets-en-cours-2\/\",\"url\":\"https:\/\/www.cieunechambreasoi.com\/site\/projets-en-cours-2\/\",\"name\":\"Actualit\u00e9s - Cie - une chambre \u00e0 soi\",\"isPartOf\":{\"@id\":\"https:\/\/www.cieunechambreasoi.com\/site\/#website\"},\"primaryImageOfPage\":{\"@id\":\"https:\/\/www.cieunechambreasoi.com\/site\/projets-en-cours-2\/#primaryimage\"},\"image\":{\"@id\":\"https:\/\/www.cieunechambreasoi.com\/site\/projets-en-cours-2\/#primaryimage\"},\"thumbnailUrl\":\"https:\/\/www.cieunechambreasoi.com\/site\/wp-content\/uploads\/2020\/01\/site-acceuil03.jpg\",\"datePublished\":\"2020-05-15T08:27:04+00:00\",\"dateModified\":\"2025-11-21T10:29:25+00:00\",\"breadcrumb\":{\"@id\":\"https:\/\/www.cieunechambreasoi.com\/site\/projets-en-cours-2\/#breadcrumb\"},\"inLanguage\":\"fr-FR\",\"potentialAction\":[{\"@type\":\"ReadAction\",\"target\":[\"https:\/\/www.cieunechambreasoi.com\/site\/projets-en-cours-2\/\"]}]},{\"@type\":\"ImageObject\",\"inLanguage\":\"fr-FR\",\"@id\":\"https:\/\/www.cieunechambreasoi.com\/site\/projets-en-cours-2\/#primaryimage\",\"url\":\"https:\/\/www.cieunechambreasoi.com\/site\/wp-content\/uploads\/2020\/01\/site-acceuil03.jpg\",\"contentUrl\":\"https:\/\/www.cieunechambreasoi.com\/site\/wp-content\/uploads\/2020\/01\/site-acceuil03.jpg\",\"width\":830,\"height\":350},{\"@type\":\"BreadcrumbList\",\"@id\":\"https:\/\/www.cieunechambreasoi.com\/site\/projets-en-cours-2\/#breadcrumb\",\"itemListElement\":[{\"@type\":\"ListItem\",\"position\":1,\"name\":\"Accueil\",\"item\":\"https:\/\/www.cieunechambreasoi.com\/site\/\"},{\"@type\":\"ListItem\",\"position\":2,\"name\":\"Actualit\u00e9s\"}]},{\"@type\":\"WebSite\",\"@id\":\"https:\/\/www.cieunechambreasoi.com\/site\/#website\",\"url\":\"https:\/\/www.cieunechambreasoi.com\/site\/\",\"name\":\"Cie - une chambre \u00e0 soi\",\"description\":\"Compagnie professionnelle de th\u00e9\u00e2tre et de lecture \u00e0 voix haute cr\u00e9\u00e9e \u00e0 Rouen par H\u00e9l\u00e8ne Francisci, Ad\u00e9la\u00efde Bon, Ariane Dionyssopoulos en mai 2020.\",\"publisher\":{\"@id\":\"https:\/\/www.cieunechambreasoi.com\/site\/#organization\"},\"potentialAction\":[{\"@type\":\"SearchAction\",\"target\":{\"@type\":\"EntryPoint\",\"urlTemplate\":\"https:\/\/www.cieunechambreasoi.com\/site\/?s={search_term_string}\"},\"query-input\":\"required name=search_term_string\"}],\"inLanguage\":\"fr-FR\"},{\"@type\":\"Organization\",\"@id\":\"https:\/\/www.cieunechambreasoi.com\/site\/#organization\",\"name\":\"Cie - une chambre \u00e0 soi\",\"url\":\"https:\/\/www.cieunechambreasoi.com\/site\/\",\"logo\":{\"@type\":\"ImageObject\",\"inLanguage\":\"fr-FR\",\"@id\":\"https:\/\/www.cieunechambreasoi.com\/site\/#\/schema\/logo\/image\/\",\"url\":\"https:\/\/www.cieunechambreasoi.com\/site\/wp-content\/uploads\/2020\/01\/cropped-Logo-final_Fond-blanc-2.png\",\"contentUrl\":\"https:\/\/www.cieunechambreasoi.com\/site\/wp-content\/uploads\/2020\/01\/cropped-Logo-final_Fond-blanc-2.png\",\"width\":248,\"height\":88,\"caption\":\"Cie - une chambre \u00e0 soi\"},\"image\":{\"@id\":\"https:\/\/www.cieunechambreasoi.com\/site\/#\/schema\/logo\/image\/\"},\"sameAs\":[\"https:\/\/www.facebook.com\/Compagnie-une-chambre-\u00e0-soi-100444748350700\/\"]}]}<\/script>\n<!-- \/ Yoast SEO plugin. -->","yoast_head_json":{"title":"Actualit\u00e9s - Cie - une chambre \u00e0 soi","robots":{"index":"index","follow":"follow","max-snippet":"max-snippet:-1","max-image-preview":"max-image-preview:large","max-video-preview":"max-video-preview:-1"},"canonical":"https:\/\/www.cieunechambreasoi.com\/site\/projets-en-cours-2\/","og_locale":"fr_FR","og_type":"article","og_title":"Actualit\u00e9s - Cie - une chambre \u00e0 soi","og_description":"Nous cr\u00e9ons un lieu \u00e0 soi en version th\u00e9\u00e2trale le 31 mars 2025 \u00e0 la MDU (maison de l&rsquo;universit\u00e9) \u00e0 Mont Saint Aignan o\u00f9 nous sommes artistes associ\u00e9es pour la troisi\u00e8me ann\u00e9e","og_url":"https:\/\/www.cieunechambreasoi.com\/site\/projets-en-cours-2\/","og_site_name":"Cie - une chambre \u00e0 soi","article_publisher":"https:\/\/www.facebook.com\/Compagnie-une-chambre-%c3%a0-soi-100444748350700\/","article_modified_time":"2025-11-21T10:29:25+00:00","og_image":[{"width":830,"height":350,"url":"https:\/\/www.cieunechambreasoi.com\/site\/wp-content\/uploads\/2020\/01\/site-acceuil03.jpg","type":"image\/jpeg"}],"twitter_card":"summary_large_image","twitter_misc":{"Dur\u00e9e de lecture estim\u00e9e":"1 minute"},"schema":{"@context":"https:\/\/schema.org","@graph":[{"@type":"WebPage","@id":"https:\/\/www.cieunechambreasoi.com\/site\/projets-en-cours-2\/","url":"https:\/\/www.cieunechambreasoi.com\/site\/projets-en-cours-2\/","name":"Actualit\u00e9s - Cie - une chambre \u00e0 soi","isPartOf":{"@id":"https:\/\/www.cieunechambreasoi.com\/site\/#website"},"primaryImageOfPage":{"@id":"https:\/\/www.cieunechambreasoi.com\/site\/projets-en-cours-2\/#primaryimage"},"image":{"@id":"https:\/\/www.cieunechambreasoi.com\/site\/projets-en-cours-2\/#primaryimage"},"thumbnailUrl":"https:\/\/www.cieunechambreasoi.com\/site\/wp-content\/uploads\/2020\/01\/site-acceuil03.jpg","datePublished":"2020-05-15T08:27:04+00:00","dateModified":"2025-11-21T10:29:25+00:00","breadcrumb":{"@id":"https:\/\/www.cieunechambreasoi.com\/site\/projets-en-cours-2\/#breadcrumb"},"inLanguage":"fr-FR","potentialAction":[{"@type":"ReadAction","target":["https:\/\/www.cieunechambreasoi.com\/site\/projets-en-cours-2\/"]}]},{"@type":"ImageObject","inLanguage":"fr-FR","@id":"https:\/\/www.cieunechambreasoi.com\/site\/projets-en-cours-2\/#primaryimage","url":"https:\/\/www.cieunechambreasoi.com\/site\/wp-content\/uploads\/2020\/01\/site-acceuil03.jpg","contentUrl":"https:\/\/www.cieunechambreasoi.com\/site\/wp-content\/uploads\/2020\/01\/site-acceuil03.jpg","width":830,"height":350},{"@type":"BreadcrumbList","@id":"https:\/\/www.cieunechambreasoi.com\/site\/projets-en-cours-2\/#breadcrumb","itemListElement":[{"@type":"ListItem","position":1,"name":"Accueil","item":"https:\/\/www.cieunechambreasoi.com\/site\/"},{"@type":"ListItem","position":2,"name":"Actualit\u00e9s"}]},{"@type":"WebSite","@id":"https:\/\/www.cieunechambreasoi.com\/site\/#website","url":"https:\/\/www.cieunechambreasoi.com\/site\/","name":"Cie - une chambre \u00e0 soi","description":"Compagnie professionnelle de th\u00e9\u00e2tre et de lecture \u00e0 voix haute cr\u00e9\u00e9e \u00e0 Rouen par H\u00e9l\u00e8ne Francisci, Ad\u00e9la\u00efde Bon, Ariane Dionyssopoulos en mai 2020.","publisher":{"@id":"https:\/\/www.cieunechambreasoi.com\/site\/#organization"},"potentialAction":[{"@type":"SearchAction","target":{"@type":"EntryPoint","urlTemplate":"https:\/\/www.cieunechambreasoi.com\/site\/?s={search_term_string}"},"query-input":"required name=search_term_string"}],"inLanguage":"fr-FR"},{"@type":"Organization","@id":"https:\/\/www.cieunechambreasoi.com\/site\/#organization","name":"Cie - une chambre \u00e0 soi","url":"https:\/\/www.cieunechambreasoi.com\/site\/","logo":{"@type":"ImageObject","inLanguage":"fr-FR","@id":"https:\/\/www.cieunechambreasoi.com\/site\/#\/schema\/logo\/image\/","url":"https:\/\/www.cieunechambreasoi.com\/site\/wp-content\/uploads\/2020\/01\/cropped-Logo-final_Fond-blanc-2.png","contentUrl":"https:\/\/www.cieunechambreasoi.com\/site\/wp-content\/uploads\/2020\/01\/cropped-Logo-final_Fond-blanc-2.png","width":248,"height":88,"caption":"Cie - une chambre \u00e0 soi"},"image":{"@id":"https:\/\/www.cieunechambreasoi.com\/site\/#\/schema\/logo\/image\/"},"sameAs":["https:\/\/www.facebook.com\/Compagnie-une-chambre-\u00e0-soi-100444748350700\/"]}]}},"_links":{"self":[{"href":"https:\/\/www.cieunechambreasoi.com\/site\/wp-json\/wp\/v2\/pages\/670"}],"collection":[{"href":"https:\/\/www.cieunechambreasoi.com\/site\/wp-json\/wp\/v2\/pages"}],"about":[{"href":"https:\/\/www.cieunechambreasoi.com\/site\/wp-json\/wp\/v2\/types\/page"}],"author":[{"embeddable":true,"href":"https:\/\/www.cieunechambreasoi.com\/site\/wp-json\/wp\/v2\/users\/4"}],"replies":[{"embeddable":true,"href":"https:\/\/www.cieunechambreasoi.com\/site\/wp-json\/wp\/v2\/comments?post=670"}],"version-history":[{"count":5,"href":"https:\/\/www.cieunechambreasoi.com\/site\/wp-json\/wp\/v2\/pages\/670\/revisions"}],"predecessor-version":[{"id":914,"href":"https:\/\/www.cieunechambreasoi.com\/site\/wp-json\/wp\/v2\/pages\/670\/revisions\/914"}],"wp:featuredmedia":[{"embeddable":true,"href":"https:\/\/www.cieunechambreasoi.com\/site\/wp-json\/wp\/v2\/media\/63"}],"wp:attachment":[{"href":"https:\/\/www.cieunechambreasoi.com\/site\/wp-json\/wp\/v2\/media?parent=670"}],"curies":[{"name":"wp","href":"https:\/\/api.w.org\/{rel}","templated":true}]}}