{"id":75,"date":"2020-01-08T16:57:56","date_gmt":"2020-01-08T15:57:56","guid":{"rendered":"http:\/\/www.cieunechambreasoi.com\/site\/?page_id=75"},"modified":"2026-01-21T16:46:03","modified_gmt":"2026-01-21T15:46:03","slug":"projets-en-cours","status":"publish","type":"page","link":"https:\/\/www.cieunechambreasoi.com\/site\/projets-en-cours\/","title":{"rendered":"Th\u00e9\u00e2tre"},"content":{"rendered":"<ul class=\"wp-block-latest-posts__list wp-block-latest-posts\"><li><div class=\"wp-block-latest-posts__featured-image alignright\"><img loading=\"lazy\" decoding=\"async\" width=\"150\" height=\"150\" src=\"https:\/\/www.cieunechambreasoi.com\/site\/wp-content\/uploads\/2026\/01\/un-lieu-a-soi-150x150.jpg\" class=\"attachment-thumbnail size-thumbnail wp-post-image\" alt=\"\" style=\"\" \/><\/div><a class=\"wp-block-latest-posts__post-title\" href=\"https:\/\/www.cieunechambreasoi.com\/site\/2026\/01\/21\/un-lieu-a-soi\/\">Un lieu \u00e0 soi<\/a><div class=\"wp-block-latest-posts__post-excerpt\">Ou comment un concombre g\u00e9ant a prolif\u00e9r\u00e9 sur les roses et les \u0153illets du jardin &hellip; <a href=\"https:\/\/www.cieunechambreasoi.com\/site\/2026\/01\/21\/un-lieu-a-soi\/\" class=\"more-link\">Continuer la lecture de <span class=\"screen-reader-text\">Un lieu \u00e0 soi<\/span><\/a><\/div><\/li>\n<li><div class=\"wp-block-latest-posts__featured-image alignright\"><img loading=\"lazy\" decoding=\"async\" width=\"150\" height=\"150\" src=\"https:\/\/www.cieunechambreasoi.com\/site\/wp-content\/uploads\/2020\/05\/quand-on-vous-aime01-150x150.jpg\" class=\"attachment-thumbnail size-thumbnail wp-post-image\" alt=\"\" style=\"\" \/><\/div><a class=\"wp-block-latest-posts__post-title\" href=\"https:\/\/www.cieunechambreasoi.com\/site\/2020\/05\/24\/quand-on-vous-aime-comme-ca\/\">Quand on vous aime comme \u00e7a<\/a><div class=\"wp-block-latest-posts__post-excerpt\">Une lectrice chanteuse au caract\u00e8re tremp\u00e9 et aux cheveux blonds en bataille, un pianiste faussement &hellip; <a href=\"https:\/\/www.cieunechambreasoi.com\/site\/2020\/05\/24\/quand-on-vous-aime-comme-ca\/\" class=\"more-link\">Continuer la lecture de <span class=\"screen-reader-text\">Quand on vous aime comme \u00e7a<\/span><\/a><\/div><\/li>\n<li><div class=\"wp-block-latest-posts__featured-image alignright\"><img loading=\"lazy\" decoding=\"async\" width=\"150\" height=\"150\" src=\"https:\/\/www.cieunechambreasoi.com\/site\/wp-content\/uploads\/2020\/05\/Et-lon-voit-de-la-flamme-150x150.jpg\" class=\"attachment-thumbnail size-thumbnail wp-post-image\" alt=\"\" style=\"\" \/><\/div><a class=\"wp-block-latest-posts__post-title\" href=\"https:\/\/www.cieunechambreasoi.com\/site\/2020\/05\/22\/et-lon-voit-de-la-flamme-aux-yeux-des-jeunes-gens\/\">\u00ab Et l\u2019on voit de la flamme aux yeux des jeunes gens \u00bb<\/a><div class=\"wp-block-latest-posts__post-excerpt\">Lire et jouer Victor Hugo aujourd\u2019hui. Cr\u00e9\u00e9 en 2017 dans le parcours CRED (coll\u00e8ges) avec &hellip; <a href=\"https:\/\/www.cieunechambreasoi.com\/site\/2020\/05\/22\/et-lon-voit-de-la-flamme-aux-yeux-des-jeunes-gens\/\" class=\"more-link\">Continuer la lecture de <span class=\"screen-reader-text\">\u00ab Et l\u2019on voit de la flamme aux yeux des jeunes gens \u00bb<\/span><\/a><\/div><\/li>\n<\/ul>","protected":false},"excerpt":{"rendered":"","protected":false},"author":1,"featured_media":731,"parent":0,"menu_order":0,"comment_status":"closed","ping_status":"closed","template":"","meta":{"_acf_changed":false,"footnotes":""},"acf":[],"yoast_head":"<!-- This site is optimized with the Yoast SEO plugin v22.7 - https:\/\/yoast.com\/wordpress\/plugins\/seo\/ -->\n<title>Th\u00e9\u00e2tre - Cie - une chambre \u00e0 soi<\/title>\n<meta name=\"robots\" content=\"index, follow, max-snippet:-1, max-image-preview:large, max-video-preview:-1\" \/>\n<link rel=\"canonical\" href=\"https:\/\/www.cieunechambreasoi.com\/site\/projets-en-cours\/\" \/>\n<meta property=\"og:locale\" content=\"fr_FR\" \/>\n<meta property=\"og:type\" content=\"article\" \/>\n<meta property=\"og:title\" content=\"Th\u00e9\u00e2tre - Cie - une chambre \u00e0 soi\" \/>\n<meta property=\"og:url\" content=\"https:\/\/www.cieunechambreasoi.com\/site\/projets-en-cours\/\" \/>\n<meta property=\"og:site_name\" content=\"Cie - une chambre \u00e0 soi\" \/>\n<meta property=\"article:publisher\" content=\"https:\/\/www.facebook.com\/Compagnie-une-chambre-%c3%a0-soi-100444748350700\/\" \/>\n<meta property=\"article:modified_time\" content=\"2026-01-21T15:46:03+00:00\" \/>\n<meta property=\"og:image\" content=\"https:\/\/www.cieunechambreasoi.com\/site\/wp-content\/uploads\/2020\/05\/unnamed-4-scaled-e1590090031580.jpg\" \/>\n\t<meta property=\"og:image:width\" content=\"850\" \/>\n\t<meta property=\"og:image:height\" content=\"350\" \/>\n\t<meta property=\"og:image:type\" content=\"image\/jpeg\" \/>\n<meta name=\"twitter:card\" content=\"summary_large_image\" \/>\n<meta name=\"twitter:label1\" content=\"Dur\u00e9e de lecture estim\u00e9e\" \/>\n\t<meta name=\"twitter:data1\" content=\"1 minute\" \/>\n<script type=\"application\/ld+json\" class=\"yoast-schema-graph\">{\"@context\":\"https:\/\/schema.org\",\"@graph\":[{\"@type\":\"WebPage\",\"@id\":\"https:\/\/www.cieunechambreasoi.com\/site\/projets-en-cours\/\",\"url\":\"https:\/\/www.cieunechambreasoi.com\/site\/projets-en-cours\/\",\"name\":\"Th\u00e9\u00e2tre - Cie - une chambre \u00e0 soi\",\"isPartOf\":{\"@id\":\"https:\/\/www.cieunechambreasoi.com\/site\/#website\"},\"primaryImageOfPage\":{\"@id\":\"https:\/\/www.cieunechambreasoi.com\/site\/projets-en-cours\/#primaryimage\"},\"image\":{\"@id\":\"https:\/\/www.cieunechambreasoi.com\/site\/projets-en-cours\/#primaryimage\"},\"thumbnailUrl\":\"https:\/\/www.cieunechambreasoi.com\/site\/wp-content\/uploads\/2020\/05\/unnamed-4-scaled-e1590090031580.jpg\",\"datePublished\":\"2020-01-08T15:57:56+00:00\",\"dateModified\":\"2026-01-21T15:46:03+00:00\",\"breadcrumb\":{\"@id\":\"https:\/\/www.cieunechambreasoi.com\/site\/projets-en-cours\/#breadcrumb\"},\"inLanguage\":\"fr-FR\",\"potentialAction\":[{\"@type\":\"ReadAction\",\"target\":[\"https:\/\/www.cieunechambreasoi.com\/site\/projets-en-cours\/\"]}]},{\"@type\":\"ImageObject\",\"inLanguage\":\"fr-FR\",\"@id\":\"https:\/\/www.cieunechambreasoi.com\/site\/projets-en-cours\/#primaryimage\",\"url\":\"https:\/\/www.cieunechambreasoi.com\/site\/wp-content\/uploads\/2020\/05\/unnamed-4-scaled-e1590090031580.jpg\",\"contentUrl\":\"https:\/\/www.cieunechambreasoi.com\/site\/wp-content\/uploads\/2020\/05\/unnamed-4-scaled-e1590090031580.jpg\",\"width\":850,\"height\":350},{\"@type\":\"BreadcrumbList\",\"@id\":\"https:\/\/www.cieunechambreasoi.com\/site\/projets-en-cours\/#breadcrumb\",\"itemListElement\":[{\"@type\":\"ListItem\",\"position\":1,\"name\":\"Accueil\",\"item\":\"https:\/\/www.cieunechambreasoi.com\/site\/\"},{\"@type\":\"ListItem\",\"position\":2,\"name\":\"Th\u00e9\u00e2tre\"}]},{\"@type\":\"WebSite\",\"@id\":\"https:\/\/www.cieunechambreasoi.com\/site\/#website\",\"url\":\"https:\/\/www.cieunechambreasoi.com\/site\/\",\"name\":\"Cie - une chambre \u00e0 soi\",\"description\":\"Compagnie professionnelle de th\u00e9\u00e2tre et de lecture \u00e0 voix haute cr\u00e9\u00e9e \u00e0 Rouen par H\u00e9l\u00e8ne Francisci, Ad\u00e9la\u00efde Bon, Ariane Dionyssopoulos en mai 2020.\",\"publisher\":{\"@id\":\"https:\/\/www.cieunechambreasoi.com\/site\/#organization\"},\"potentialAction\":[{\"@type\":\"SearchAction\",\"target\":{\"@type\":\"EntryPoint\",\"urlTemplate\":\"https:\/\/www.cieunechambreasoi.com\/site\/?s={search_term_string}\"},\"query-input\":\"required name=search_term_string\"}],\"inLanguage\":\"fr-FR\"},{\"@type\":\"Organization\",\"@id\":\"https:\/\/www.cieunechambreasoi.com\/site\/#organization\",\"name\":\"Cie - une chambre \u00e0 soi\",\"url\":\"https:\/\/www.cieunechambreasoi.com\/site\/\",\"logo\":{\"@type\":\"ImageObject\",\"inLanguage\":\"fr-FR\",\"@id\":\"https:\/\/www.cieunechambreasoi.com\/site\/#\/schema\/logo\/image\/\",\"url\":\"https:\/\/www.cieunechambreasoi.com\/site\/wp-content\/uploads\/2020\/01\/cropped-Logo-final_Fond-blanc-2.png\",\"contentUrl\":\"https:\/\/www.cieunechambreasoi.com\/site\/wp-content\/uploads\/2020\/01\/cropped-Logo-final_Fond-blanc-2.png\",\"width\":248,\"height\":88,\"caption\":\"Cie - une chambre \u00e0 soi\"},\"image\":{\"@id\":\"https:\/\/www.cieunechambreasoi.com\/site\/#\/schema\/logo\/image\/\"},\"sameAs\":[\"https:\/\/www.facebook.com\/Compagnie-une-chambre-\u00e0-soi-100444748350700\/\"]}]}<\/script>\n<!-- \/ Yoast SEO plugin. -->","yoast_head_json":{"title":"Th\u00e9\u00e2tre - Cie - une chambre \u00e0 soi","robots":{"index":"index","follow":"follow","max-snippet":"max-snippet:-1","max-image-preview":"max-image-preview:large","max-video-preview":"max-video-preview:-1"},"canonical":"https:\/\/www.cieunechambreasoi.com\/site\/projets-en-cours\/","og_locale":"fr_FR","og_type":"article","og_title":"Th\u00e9\u00e2tre - Cie - une chambre \u00e0 soi","og_url":"https:\/\/www.cieunechambreasoi.com\/site\/projets-en-cours\/","og_site_name":"Cie - une chambre \u00e0 soi","article_publisher":"https:\/\/www.facebook.com\/Compagnie-une-chambre-%c3%a0-soi-100444748350700\/","article_modified_time":"2026-01-21T15:46:03+00:00","og_image":[{"width":850,"height":350,"url":"https:\/\/www.cieunechambreasoi.com\/site\/wp-content\/uploads\/2020\/05\/unnamed-4-scaled-e1590090031580.jpg","type":"image\/jpeg"}],"twitter_card":"summary_large_image","twitter_misc":{"Dur\u00e9e de lecture estim\u00e9e":"1 minute"},"schema":{"@context":"https:\/\/schema.org","@graph":[{"@type":"WebPage","@id":"https:\/\/www.cieunechambreasoi.com\/site\/projets-en-cours\/","url":"https:\/\/www.cieunechambreasoi.com\/site\/projets-en-cours\/","name":"Th\u00e9\u00e2tre - Cie - une chambre \u00e0 soi","isPartOf":{"@id":"https:\/\/www.cieunechambreasoi.com\/site\/#website"},"primaryImageOfPage":{"@id":"https:\/\/www.cieunechambreasoi.com\/site\/projets-en-cours\/#primaryimage"},"image":{"@id":"https:\/\/www.cieunechambreasoi.com\/site\/projets-en-cours\/#primaryimage"},"thumbnailUrl":"https:\/\/www.cieunechambreasoi.com\/site\/wp-content\/uploads\/2020\/05\/unnamed-4-scaled-e1590090031580.jpg","datePublished":"2020-01-08T15:57:56+00:00","dateModified":"2026-01-21T15:46:03+00:00","breadcrumb":{"@id":"https:\/\/www.cieunechambreasoi.com\/site\/projets-en-cours\/#breadcrumb"},"inLanguage":"fr-FR","potentialAction":[{"@type":"ReadAction","target":["https:\/\/www.cieunechambreasoi.com\/site\/projets-en-cours\/"]}]},{"@type":"ImageObject","inLanguage":"fr-FR","@id":"https:\/\/www.cieunechambreasoi.com\/site\/projets-en-cours\/#primaryimage","url":"https:\/\/www.cieunechambreasoi.com\/site\/wp-content\/uploads\/2020\/05\/unnamed-4-scaled-e1590090031580.jpg","contentUrl":"https:\/\/www.cieunechambreasoi.com\/site\/wp-content\/uploads\/2020\/05\/unnamed-4-scaled-e1590090031580.jpg","width":850,"height":350},{"@type":"BreadcrumbList","@id":"https:\/\/www.cieunechambreasoi.com\/site\/projets-en-cours\/#breadcrumb","itemListElement":[{"@type":"ListItem","position":1,"name":"Accueil","item":"https:\/\/www.cieunechambreasoi.com\/site\/"},{"@type":"ListItem","position":2,"name":"Th\u00e9\u00e2tre"}]},{"@type":"WebSite","@id":"https:\/\/www.cieunechambreasoi.com\/site\/#website","url":"https:\/\/www.cieunechambreasoi.com\/site\/","name":"Cie - une chambre \u00e0 soi","description":"Compagnie professionnelle de th\u00e9\u00e2tre et de lecture \u00e0 voix haute cr\u00e9\u00e9e \u00e0 Rouen par H\u00e9l\u00e8ne Francisci, Ad\u00e9la\u00efde Bon, Ariane Dionyssopoulos en mai 2020.","publisher":{"@id":"https:\/\/www.cieunechambreasoi.com\/site\/#organization"},"potentialAction":[{"@type":"SearchAction","target":{"@type":"EntryPoint","urlTemplate":"https:\/\/www.cieunechambreasoi.com\/site\/?s={search_term_string}"},"query-input":"required name=search_term_string"}],"inLanguage":"fr-FR"},{"@type":"Organization","@id":"https:\/\/www.cieunechambreasoi.com\/site\/#organization","name":"Cie - une chambre \u00e0 soi","url":"https:\/\/www.cieunechambreasoi.com\/site\/","logo":{"@type":"ImageObject","inLanguage":"fr-FR","@id":"https:\/\/www.cieunechambreasoi.com\/site\/#\/schema\/logo\/image\/","url":"https:\/\/www.cieunechambreasoi.com\/site\/wp-content\/uploads\/2020\/01\/cropped-Logo-final_Fond-blanc-2.png","contentUrl":"https:\/\/www.cieunechambreasoi.com\/site\/wp-content\/uploads\/2020\/01\/cropped-Logo-final_Fond-blanc-2.png","width":248,"height":88,"caption":"Cie - une chambre \u00e0 soi"},"image":{"@id":"https:\/\/www.cieunechambreasoi.com\/site\/#\/schema\/logo\/image\/"},"sameAs":["https:\/\/www.facebook.com\/Compagnie-une-chambre-\u00e0-soi-100444748350700\/"]}]}},"_links":{"self":[{"href":"https:\/\/www.cieunechambreasoi.com\/site\/wp-json\/wp\/v2\/pages\/75"}],"collection":[{"href":"https:\/\/www.cieunechambreasoi.com\/site\/wp-json\/wp\/v2\/pages"}],"about":[{"href":"https:\/\/www.cieunechambreasoi.com\/site\/wp-json\/wp\/v2\/types\/page"}],"author":[{"embeddable":true,"href":"https:\/\/www.cieunechambreasoi.com\/site\/wp-json\/wp\/v2\/users\/1"}],"replies":[{"embeddable":true,"href":"https:\/\/www.cieunechambreasoi.com\/site\/wp-json\/wp\/v2\/comments?post=75"}],"version-history":[{"count":51,"href":"https:\/\/www.cieunechambreasoi.com\/site\/wp-json\/wp\/v2\/pages\/75\/revisions"}],"predecessor-version":[{"id":918,"href":"https:\/\/www.cieunechambreasoi.com\/site\/wp-json\/wp\/v2\/pages\/75\/revisions\/918"}],"wp:featuredmedia":[{"embeddable":true,"href":"https:\/\/www.cieunechambreasoi.com\/site\/wp-json\/wp\/v2\/media\/731"}],"wp:attachment":[{"href":"https:\/\/www.cieunechambreasoi.com\/site\/wp-json\/wp\/v2\/media?parent=75"}],"curies":[{"name":"wp","href":"https:\/\/api.w.org\/{rel}","templated":true}]}}